{"id":114,"date":"2023-01-30T23:30:04","date_gmt":"2023-01-30T23:30:04","guid":{"rendered":"http:\/\/online.topconsult.fr\/?post_type=product&#038;p=114"},"modified":"2025-02-17T22:19:21","modified_gmt":"2025-02-17T22:19:21","slug":"accompagnement-controle","status":"publish","type":"product","link":"https:\/\/online.topconsult.fr\/index.php\/product\/accompagnement-controle\/","title":{"rendered":"Accompagnement Contr\u00f4le"},"content":{"rendered":"<p data-start=\"108\" data-end=\"469\">Les financeurs (OPCO, P\u00f4le emploi, R\u00e9gions, CPF, etc.) peuvent effectuer <strong data-start=\"181\" data-end=\"198\">des contr\u00f4les<\/strong> afin de v\u00e9rifier la bonne prise en charge des apprenants par votre organisme de formation. Ce contr\u00f4le vise \u00e0 garantir que <strong data-start=\"322\" data-end=\"403\">les fonds publics ou mutualis\u00e9s ont \u00e9t\u00e9 utilis\u00e9s conform\u00e9ment aux engagements<\/strong> et que l\u2019accompagnement p\u00e9dagogique a \u00e9t\u00e9 r\u00e9alis\u00e9 avec s\u00e9rieux.<\/p>\n<p data-start=\"471\" data-end=\"644\">Chez <strong data-start=\"476\" data-end=\"490\">Topconsult<\/strong>, nous vous accompagnons <strong data-start=\"515\" data-end=\"554\">avant, pendant et apr\u00e8s le contr\u00f4le<\/strong>, en assurant une organisation optimale et une pr\u00e9sentation rigoureuse de votre dossier.<\/p>\n<hr data-start=\"646\" data-end=\"649\" \/>\n<h3 data-start=\"651\" data-end=\"687\"><strong data-start=\"655\" data-end=\"685\">Notre prestation en d\u00e9tail<\/strong><\/h3>\n<p data-start=\"689\" data-end=\"730\">\ud83d\udd0e <strong data-start=\"692\" data-end=\"728\">Analyse et v\u00e9rification en amont<\/strong><\/p>\n<ul data-start=\"731\" data-end=\"1065\">\n<li data-start=\"731\" data-end=\"811\">Audit de votre gestion administrative et p\u00e9dagogique des dossiers apprenants<\/li>\n<li data-start=\"812\" data-end=\"989\">V\u00e9rification de la conformit\u00e9 des documents exig\u00e9s par le financeur (conventions, contrats, feuilles de pr\u00e9sence, attestations, \u00e9valuations, justificatifs de parcours, etc.)<\/li>\n<li data-start=\"990\" data-end=\"1065\">Identification des \u00e9ventuelles anomalies et mise en place de correctifs<\/li>\n<\/ul>\n<p data-start=\"1067\" data-end=\"1110\">\ud83d\udcd1 <strong data-start=\"1070\" data-end=\"1108\">Pr\u00e9paration du dossier de contr\u00f4le<\/strong><\/p>\n<ul data-start=\"1111\" data-end=\"1366\">\n<li data-start=\"1111\" data-end=\"1195\">Structuration des preuves d\u00e9montrant le suivi et l\u2019accompagnement des apprenants<\/li>\n<li data-start=\"1196\" data-end=\"1267\">R\u00e9capitulatif des actions p\u00e9dagogiques et des prestations r\u00e9alis\u00e9es<\/li>\n<li data-start=\"1268\" data-end=\"1366\">Mise en avant des \u00e9l\u00e9ments attestant du respect des engagements contractuels avec le financeur<\/li>\n<\/ul>\n<p data-start=\"1368\" data-end=\"1411\">\ud83d\udee0 <strong data-start=\"1371\" data-end=\"1409\">Accompagnement pendant le contr\u00f4le<\/strong><\/p>\n<ul data-start=\"1412\" data-end=\"1637\">\n<li data-start=\"1412\" data-end=\"1469\">Assistance en temps r\u00e9el lors de l\u2019audit du financeur<\/li>\n<li data-start=\"1470\" data-end=\"1539\">Pr\u00e9sentation des \u00e9l\u00e9ments demand\u00e9s de mani\u00e8re claire et organis\u00e9e<\/li>\n<li data-start=\"1540\" data-end=\"1637\">Justification des actions mises en place pour assurer la formation et le suivi des apprenants<\/li>\n<\/ul>\n<p data-start=\"1639\" data-end=\"1689\">\ud83d\udd04 <strong data-start=\"1642\" data-end=\"1687\">Suivi post contr\u00f4le et mise en conformit\u00e9<\/strong><\/p>\n<ul data-start=\"1690\" data-end=\"1997\">\n<li data-start=\"1690\" data-end=\"1798\">Analyse des observations du financeur et mise en place d\u2019un <strong data-start=\"1752\" data-end=\"1796\">plan d\u2019actions correctives si n\u00e9cessaire<\/strong><\/li>\n<li data-start=\"1799\" data-end=\"1900\">Optimisation des processus administratifs et p\u00e9dagogiques pour <strong data-start=\"1864\" data-end=\"1898\">anticiper les futurs contr\u00f4les<\/strong><\/li>\n<li data-start=\"1901\" data-end=\"1997\">Formation des \u00e9quipes \u00e0 la gestion documentaire et \u00e0 la tra\u00e7abilit\u00e9 des actions p\u00e9dagogiques<\/li>\n<\/ul>\n<hr data-start=\"1999\" data-end=\"2002\" \/>\n<h3 data-start=\"2004\" data-end=\"2049\"><strong data-start=\"2008\" data-end=\"2047\">Pourquoi faire appel \u00e0 Topconsult ?<\/strong><\/h3>\n<p data-start=\"2050\" data-end=\"2337\">\u2705 <strong data-start=\"2052\" data-end=\"2107\">Expertise en gestion des obligations des financeurs<\/strong><br data-start=\"2107\" data-end=\"2110\" \/>\u2705 <strong data-start=\"2112\" data-end=\"2193\">M\u00e9thodologie \u00e9prouv\u00e9e pour s\u00e9curiser vos dossiers et \u00e9viter les redressements<\/strong><br data-start=\"2193\" data-end=\"2196\" \/>\u2705 <strong data-start=\"2198\" data-end=\"2281\">Plateforme optimis\u00e9e pour centraliser les documents et faciliter la tra\u00e7abilit\u00e9<\/strong><br data-start=\"2281\" data-end=\"2284\" \/>\u2705 <strong data-start=\"2286\" data-end=\"2335\">Accompagnement personnalis\u00e9 selon vos besoins<\/strong><\/p>\n<p data-start=\"2339\" data-end=\"2488\">Avec <strong data-start=\"2344\" data-end=\"2358\">Topconsult<\/strong>, transformez votre <strong data-start=\"2378\" data-end=\"2400\">contr\u00f4le financeur<\/strong> en une opportunit\u00e9 de valoriser votre organisation et de s\u00e9curiser vos financements !<\/p>\n<p>&nbsp;<\/p>\n","protected":false},"excerpt":{"rendered":"<p>Les financeurs (OPCO, P\u00f4le emploi, R\u00e9gions, CPF, etc.) peuvent effectuer des contr\u00f4les afin de v\u00e9rifier la bonne prise en charge des apprenants par votre organisme de formation. Ce contr\u00f4le vise \u00e0 garantir que les fonds publics ou mutualis\u00e9s ont \u00e9t\u00e9 utilis\u00e9s conform\u00e9ment aux engagements et que l\u2019accompagnement p\u00e9dagogique a \u00e9t\u00e9 r\u00e9alis\u00e9 avec s\u00e9rieux. Chez Topconsult, &hellip; <\/p>\n<p class=\"link-more\"><a href=\"https:\/\/online.topconsult.fr\/index.php\/product\/accompagnement-controle\/\" class=\"more-link\">Lire la suite de<span class=\"screen-reader-text\">\u00ab\u00a0Accompagnement Contr\u00f4le\u00a0\u00bb<\/span><\/a><\/p>\n","protected":false},"featured_media":337,"comment_status":"open","ping_status":"closed","template":"","meta":{"_joinchat":[]},"product_brand":[],"product_cat":[28],"product_tag":[25,22,23],"class_list":{"0":"post-114","1":"product","2":"type-product","3":"status-publish","4":"has-post-thumbnail","6":"product_cat-organisme","7":"product_tag-controle","8":"product_tag-formation","9":"product_tag-qualiopi","11":"first","12":"instock","13":"virtual","14":"purchasable","15":"product-type-simple"},"featured_media_urls":{"thumbnail":["https:\/\/online.topconsult.fr\/wp-content\/uploads\/2023\/01\/controle-150x150.png",150,150,true],"medium":["https:\/\/online.topconsult.fr\/wp-content\/uploads\/2023\/01\/controle-296x300.png",296,300,true],"medium_large":["https:\/\/online.topconsult.fr\/wp-content\/uploads\/2023\/01\/controle.png",696,706,false],"large":["https:\/\/online.topconsult.fr\/wp-content\/uploads\/2023\/01\/controle.png",696,706,false],"1536x1536":["https:\/\/online.topconsult.fr\/wp-content\/uploads\/2023\/01\/controle.png",696,706,false],"2048x2048":["https:\/\/online.topconsult.fr\/wp-content\/uploads\/2023\/01\/controle.png",696,706,false],"320w":["https:\/\/online.topconsult.fr\/wp-content\/uploads\/2023\/01\/controle-320x325.png",320,325,true],"480w":["https:\/\/online.topconsult.fr\/wp-content\/uploads\/2023\/01\/controle-480x487.png",480,487,true],"800w":["https:\/\/online.topconsult.fr\/wp-content\/uploads\/2023\/01\/controle.png",696,706,false],"inspiro-featured-image":["https:\/\/online.topconsult.fr\/wp-content\/uploads\/2023\/01\/controle.png",696,706,false],"inspiro-loop":["https:\/\/online.topconsult.fr\/wp-content\/uploads\/2023\/01\/controle-696x320.png",696,320,true],"inspiro-loop@2x":["https:\/\/online.topconsult.fr\/wp-content\/uploads\/2023\/01\/controle-696x640.png",696,640,true],"woocommerce_thumbnail":["https:\/\/online.topconsult.fr\/wp-content\/uploads\/2023\/01\/controle-300x300.png",300,300,true],"woocommerce_single":["https:\/\/online.topconsult.fr\/wp-content\/uploads\/2023\/01\/controle-600x609.png",600,609,true],"woocommerce_gallery_thumbnail":["https:\/\/online.topconsult.fr\/wp-content\/uploads\/2023\/01\/controle-100x100.png",100,100,true],"portfolio_item-thumbnail":["https:\/\/online.topconsult.fr\/wp-content\/uploads\/2023\/01\/controle-600x400.png",600,400,true],"portfolio_item-thumbnail@2x":["https:\/\/online.topconsult.fr\/wp-content\/uploads\/2023\/01\/controle.png",696,706,false],"portfolio_item-masonry":["https:\/\/online.topconsult.fr\/wp-content\/uploads\/2023\/01\/controle-600x609.png",600,609,true],"portfolio_item-masonry@2x":["https:\/\/online.topconsult.fr\/wp-content\/uploads\/2023\/01\/controle.png",696,706,false],"portfolio_item-thumbnail_cinema":["https:\/\/online.topconsult.fr\/wp-content\/uploads\/2023\/01\/controle-696x335.png",696,335,true],"portfolio_item-thumbnail_portrait":["https:\/\/online.topconsult.fr\/wp-content\/uploads\/2023\/01\/controle-600x706.png",600,706,true],"portfolio_item-thumbnail_portrait@2x":["https:\/\/online.topconsult.fr\/wp-content\/uploads\/2023\/01\/controle.png",696,706,false],"portfolio_item-thumbnail_square":["https:\/\/online.topconsult.fr\/wp-content\/uploads\/2023\/01\/controle.png",696,706,false]},"_links":{"self":[{"href":"https:\/\/online.topconsult.fr\/index.php\/wp-json\/wp\/v2\/product\/114","targetHints":{"allow":["GET"]}}],"collection":[{"href":"https:\/\/online.topconsult.fr\/index.php\/wp-json\/wp\/v2\/product"}],"about":[{"href":"https:\/\/online.topconsult.fr\/index.php\/wp-json\/wp\/v2\/types\/product"}],"replies":[{"embeddable":true,"href":"https:\/\/online.topconsult.fr\/index.php\/wp-json\/wp\/v2\/comments?post=114"}],"wp:featuredmedia":[{"embeddable":true,"href":"https:\/\/online.topconsult.fr\/index.php\/wp-json\/wp\/v2\/media\/337"}],"wp:attachment":[{"href":"https:\/\/online.topconsult.fr\/index.php\/wp-json\/wp\/v2\/media?parent=114"}],"wp:term":[{"taxonomy":"product_brand","embeddable":true,"href":"https:\/\/online.topconsult.fr\/index.php\/wp-json\/wp\/v2\/product_brand?post=114"},{"taxonomy":"product_cat","embeddable":true,"href":"https:\/\/online.topconsult.fr\/index.php\/wp-json\/wp\/v2\/product_cat?post=114"},{"taxonomy":"product_tag","embeddable":true,"href":"https:\/\/online.topconsult.fr\/index.php\/wp-json\/wp\/v2\/product_tag?post=114"}],"curies":[{"name":"wp","href":"https:\/\/api.w.org\/{rel}","templated":true}]}}