{"id":116,"date":"2023-01-30T23:35:06","date_gmt":"2023-01-30T23:35:06","guid":{"rendered":"http:\/\/online.topconsult.fr\/?post_type=product&#038;p=116"},"modified":"2023-01-31T11:35:29","modified_gmt":"2023-01-31T11:35:29","slug":"formation-bureautique","status":"publish","type":"product","link":"https:\/\/online.topconsult.fr\/index.php\/product\/formation-bureautique\/","title":{"rendered":"Formation Bureautique &#8211; Office"},"content":{"rendered":"<p>Notre prestation va vous permettre de vous former sur une session de 10 heures.<\/p>\n<ul>\n<li>Word<\/li>\n<li>Excel<\/li>\n<li>PowerPoint<\/li>\n<\/ul>\n<p>Les sessions sont r\u00e9alis\u00e9es en visioconf\u00e9rences avec un formateur.<\/p>\n<p>Des cours et exercices seront \u00e0 r\u00e9aliser pour assurer la ma\u00eetrise des notions transmises en cours.<\/p>\n<p>&nbsp;<\/p>\n","protected":false},"excerpt":{"rendered":"<p>Notre prestation va vous permettre de vous former sur une session de 10 heures. Word Excel PowerPoint Les sessions sont r\u00e9alis\u00e9es en visioconf\u00e9rences avec un formateur. Des cours et exercices seront \u00e0 r\u00e9aliser pour assurer la ma\u00eetrise des notions transmises en cours. &nbsp;<\/p>\n","protected":false},"featured_media":117,"comment_status":"open","ping_status":"closed","template":"","meta":{"_joinchat":[]},"product_brand":[],"product_cat":[17],"product_tag":[25,22,23],"class_list":{"0":"post-116","1":"product","2":"type-product","3":"status-publish","4":"has-post-thumbnail","6":"product_cat-formation","7":"product_tag-controle","8":"product_tag-formation","9":"product_tag-qualiopi","11":"first","12":"instock","13":"sale","14":"virtual","15":"purchasable","16":"product-type-simple"},"featured_media_urls":{"thumbnail":["https:\/\/online.topconsult.fr\/wp-content\/uploads\/2023\/01\/Office-150x150.png",150,150,true],"medium":["https:\/\/online.topconsult.fr\/wp-content\/uploads\/2023\/01\/Office-300x279.png",300,279,true],"medium_large":["https:\/\/online.topconsult.fr\/wp-content\/uploads\/2023\/01\/Office.png",533,496,false],"large":["https:\/\/online.topconsult.fr\/wp-content\/uploads\/2023\/01\/Office.png",533,496,false],"1536x1536":["https:\/\/online.topconsult.fr\/wp-content\/uploads\/2023\/01\/Office.png",533,496,false],"2048x2048":["https:\/\/online.topconsult.fr\/wp-content\/uploads\/2023\/01\/Office.png",533,496,false],"320w":["https:\/\/online.topconsult.fr\/wp-content\/uploads\/2023\/01\/Office-320x298.png",320,298,true],"480w":["https:\/\/online.topconsult.fr\/wp-content\/uploads\/2023\/01\/Office-480x447.png",480,447,true],"800w":["https:\/\/online.topconsult.fr\/wp-content\/uploads\/2023\/01\/Office.png",533,496,false],"inspiro-featured-image":["https:\/\/online.topconsult.fr\/wp-content\/uploads\/2023\/01\/Office.png",533,496,false],"inspiro-loop":["https:\/\/online.topconsult.fr\/wp-content\/uploads\/2023\/01\/Office-533x320.png",533,320,true],"inspiro-loop@2x":["https:\/\/online.topconsult.fr\/wp-content\/uploads\/2023\/01\/Office.png",533,496,false],"woocommerce_thumbnail":["https:\/\/online.topconsult.fr\/wp-content\/uploads\/2023\/01\/Office-300x300.png",300,300,true],"woocommerce_single":["https:\/\/online.topconsult.fr\/wp-content\/uploads\/2023\/01\/Office.png",533,496,false],"woocommerce_gallery_thumbnail":["https:\/\/online.topconsult.fr\/wp-content\/uploads\/2023\/01\/Office-100x100.png",100,100,true],"portfolio_item-thumbnail":["https:\/\/online.topconsult.fr\/wp-content\/uploads\/2023\/01\/Office-533x400.png",533,400,true],"portfolio_item-thumbnail@2x":["https:\/\/online.topconsult.fr\/wp-content\/uploads\/2023\/01\/Office.png",533,496,false],"portfolio_item-masonry":["https:\/\/online.topconsult.fr\/wp-content\/uploads\/2023\/01\/Office.png",533,496,false],"portfolio_item-masonry@2x":["https:\/\/online.topconsult.fr\/wp-content\/uploads\/2023\/01\/Office.png",533,496,false],"portfolio_item-thumbnail_cinema":["https:\/\/online.topconsult.fr\/wp-content\/uploads\/2023\/01\/Office-533x335.png",533,335,true],"portfolio_item-thumbnail_portrait":["https:\/\/online.topconsult.fr\/wp-content\/uploads\/2023\/01\/Office.png",533,496,false],"portfolio_item-thumbnail_portrait@2x":["https:\/\/online.topconsult.fr\/wp-content\/uploads\/2023\/01\/Office.png",533,496,false],"portfolio_item-thumbnail_square":["https:\/\/online.topconsult.fr\/wp-content\/uploads\/2023\/01\/Office.png",533,496,false]},"_links":{"self":[{"href":"https:\/\/online.topconsult.fr\/index.php\/wp-json\/wp\/v2\/product\/116","targetHints":{"allow":["GET"]}}],"collection":[{"href":"https:\/\/online.topconsult.fr\/index.php\/wp-json\/wp\/v2\/product"}],"about":[{"href":"https:\/\/online.topconsult.fr\/index.php\/wp-json\/wp\/v2\/types\/product"}],"replies":[{"embeddable":true,"href":"https:\/\/online.topconsult.fr\/index.php\/wp-json\/wp\/v2\/comments?post=116"}],"wp:featuredmedia":[{"embeddable":true,"href":"https:\/\/online.topconsult.fr\/index.php\/wp-json\/wp\/v2\/media\/117"}],"wp:attachment":[{"href":"https:\/\/online.topconsult.fr\/index.php\/wp-json\/wp\/v2\/media?parent=116"}],"wp:term":[{"taxonomy":"product_brand","embeddable":true,"href":"https:\/\/online.topconsult.fr\/index.php\/wp-json\/wp\/v2\/product_brand?post=116"},{"taxonomy":"product_cat","embeddable":true,"href":"https:\/\/online.topconsult.fr\/index.php\/wp-json\/wp\/v2\/product_cat?post=116"},{"taxonomy":"product_tag","embeddable":true,"href":"https:\/\/online.topconsult.fr\/index.php\/wp-json\/wp\/v2\/product_tag?post=116"}],"curies":[{"name":"wp","href":"https:\/\/api.w.org\/{rel}","templated":true}]}}