{"id":119,"date":"2023-01-30T23:40:33","date_gmt":"2023-01-30T23:40:33","guid":{"rendered":"http:\/\/online.topconsult.fr\/?post_type=product&#038;p=119"},"modified":"2023-01-31T11:35:39","modified_gmt":"2023-01-31T11:35:39","slug":"formation-informatique","status":"publish","type":"product","link":"https:\/\/online.topconsult.fr\/index.php\/product\/formation-informatique\/","title":{"rendered":"Formation Informatique &#8211; Windows"},"content":{"rendered":"<p>Notre prestation va vous permettre de vous former sur une session de 10 heures.<\/p>\n<p>Environnement Windows :<\/p>\n<ul>\n<li>D\u00e9couvrir la barre des t\u00e2ches<\/li>\n<li>Le menu d\u00e9marrer<\/li>\n<li>L&rsquo;explorateur des fichiers<\/li>\n<li>L&rsquo;ajout et la suppression des programmes<\/li>\n<li>D\u00e9couvrir et param\u00e9trer Chrome<\/li>\n<li>Ajouter une boite \u00e9mail<\/li>\n<li>La s\u00e9curit\u00e9 informatique<\/li>\n<li>L&rsquo;ajout d&rsquo;un p\u00e9riph\u00e9rique<\/li>\n<li>La mise \u00e0 jour de Windows<\/li>\n<\/ul>\n<p>Les sessions sont r\u00e9alis\u00e9es en visioconf\u00e9rences avec un formateur.<\/p>\n","protected":false},"excerpt":{"rendered":"<p>Notre prestation va vous permettre de vous former sur une session de 10 heures. Environnement Windows : D\u00e9couvrir la barre des t\u00e2ches Le menu d\u00e9marrer L&rsquo;explorateur des fichiers L&rsquo;ajout et la suppression des programmes D\u00e9couvrir et param\u00e9trer Chrome Ajouter une boite \u00e9mail La s\u00e9curit\u00e9 informatique L&rsquo;ajout d&rsquo;un p\u00e9riph\u00e9rique La mise \u00e0 jour de Windows Les &hellip; <\/p>\n<p class=\"link-more\"><a href=\"https:\/\/online.topconsult.fr\/index.php\/product\/formation-informatique\/\" class=\"more-link\">Lire la suite de<span class=\"screen-reader-text\">\u00ab\u00a0Formation Informatique &#8211; Windows\u00a0\u00bb<\/span><\/a><\/p>\n","protected":false},"featured_media":120,"comment_status":"open","ping_status":"closed","template":"","meta":{"_joinchat":[]},"product_brand":[],"product_cat":[17],"product_tag":[25,22,23],"class_list":{"0":"post-119","1":"product","2":"type-product","3":"status-publish","4":"has-post-thumbnail","6":"product_cat-formation","7":"product_tag-controle","8":"product_tag-formation","9":"product_tag-qualiopi","11":"first","12":"instock","13":"sale","14":"virtual","15":"purchasable","16":"product-type-simple"},"featured_media_urls":{"thumbnail":["https:\/\/online.topconsult.fr\/wp-content\/uploads\/2023\/01\/Informatique1-150x150.png",150,150,true],"medium":["https:\/\/online.topconsult.fr\/wp-content\/uploads\/2023\/01\/Informatique1-300x279.png",300,279,true],"medium_large":["https:\/\/online.topconsult.fr\/wp-content\/uploads\/2023\/01\/Informatique1.png",533,495,false],"large":["https:\/\/online.topconsult.fr\/wp-content\/uploads\/2023\/01\/Informatique1.png",533,495,false],"1536x1536":["https:\/\/online.topconsult.fr\/wp-content\/uploads\/2023\/01\/Informatique1.png",533,495,false],"2048x2048":["https:\/\/online.topconsult.fr\/wp-content\/uploads\/2023\/01\/Informatique1.png",533,495,false],"320w":["https:\/\/online.topconsult.fr\/wp-content\/uploads\/2023\/01\/Informatique1-320x297.png",320,297,true],"480w":["https:\/\/online.topconsult.fr\/wp-content\/uploads\/2023\/01\/Informatique1-480x446.png",480,446,true],"800w":["https:\/\/online.topconsult.fr\/wp-content\/uploads\/2023\/01\/Informatique1.png",533,495,false],"inspiro-featured-image":["https:\/\/online.topconsult.fr\/wp-content\/uploads\/2023\/01\/Informatique1.png",533,495,false],"inspiro-loop":["https:\/\/online.topconsult.fr\/wp-content\/uploads\/2023\/01\/Informatique1-533x320.png",533,320,true],"inspiro-loop@2x":["https:\/\/online.topconsult.fr\/wp-content\/uploads\/2023\/01\/Informatique1.png",533,495,false],"woocommerce_thumbnail":["https:\/\/online.topconsult.fr\/wp-content\/uploads\/2023\/01\/Informatique1-300x300.png",300,300,true],"woocommerce_single":["https:\/\/online.topconsult.fr\/wp-content\/uploads\/2023\/01\/Informatique1.png",533,495,false],"woocommerce_gallery_thumbnail":["https:\/\/online.topconsult.fr\/wp-content\/uploads\/2023\/01\/Informatique1-100x100.png",100,100,true],"portfolio_item-thumbnail":["https:\/\/online.topconsult.fr\/wp-content\/uploads\/2023\/01\/Informatique1-533x400.png",533,400,true],"portfolio_item-thumbnail@2x":["https:\/\/online.topconsult.fr\/wp-content\/uploads\/2023\/01\/Informatique1.png",533,495,false],"portfolio_item-masonry":["https:\/\/online.topconsult.fr\/wp-content\/uploads\/2023\/01\/Informatique1.png",533,495,false],"portfolio_item-masonry@2x":["https:\/\/online.topconsult.fr\/wp-content\/uploads\/2023\/01\/Informatique1.png",533,495,false],"portfolio_item-thumbnail_cinema":["https:\/\/online.topconsult.fr\/wp-content\/uploads\/2023\/01\/Informatique1-533x335.png",533,335,true],"portfolio_item-thumbnail_portrait":["https:\/\/online.topconsult.fr\/wp-content\/uploads\/2023\/01\/Informatique1.png",533,495,false],"portfolio_item-thumbnail_portrait@2x":["https:\/\/online.topconsult.fr\/wp-content\/uploads\/2023\/01\/Informatique1.png",533,495,false],"portfolio_item-thumbnail_square":["https:\/\/online.topconsult.fr\/wp-content\/uploads\/2023\/01\/Informatique1.png",533,495,false]},"_links":{"self":[{"href":"https:\/\/online.topconsult.fr\/index.php\/wp-json\/wp\/v2\/product\/119","targetHints":{"allow":["GET"]}}],"collection":[{"href":"https:\/\/online.topconsult.fr\/index.php\/wp-json\/wp\/v2\/product"}],"about":[{"href":"https:\/\/online.topconsult.fr\/index.php\/wp-json\/wp\/v2\/types\/product"}],"replies":[{"embeddable":true,"href":"https:\/\/online.topconsult.fr\/index.php\/wp-json\/wp\/v2\/comments?post=119"}],"wp:featuredmedia":[{"embeddable":true,"href":"https:\/\/online.topconsult.fr\/index.php\/wp-json\/wp\/v2\/media\/120"}],"wp:attachment":[{"href":"https:\/\/online.topconsult.fr\/index.php\/wp-json\/wp\/v2\/media?parent=119"}],"wp:term":[{"taxonomy":"product_brand","embeddable":true,"href":"https:\/\/online.topconsult.fr\/index.php\/wp-json\/wp\/v2\/product_brand?post=119"},{"taxonomy":"product_cat","embeddable":true,"href":"https:\/\/online.topconsult.fr\/index.php\/wp-json\/wp\/v2\/product_cat?post=119"},{"taxonomy":"product_tag","embeddable":true,"href":"https:\/\/online.topconsult.fr\/index.php\/wp-json\/wp\/v2\/product_tag?post=119"}],"curies":[{"name":"wp","href":"https:\/\/api.w.org\/{rel}","templated":true}]}}