{"id":121,"date":"2023-01-30T23:45:03","date_gmt":"2023-01-30T23:45:03","guid":{"rendered":"http:\/\/online.topconsult.fr\/?post_type=product&#038;p=121"},"modified":"2023-01-31T11:37:10","modified_gmt":"2023-01-31T11:37:10","slug":"coach-de-vie","status":"publish","type":"product","link":"https:\/\/online.topconsult.fr\/index.php\/product\/coach-de-vie\/","title":{"rendered":"Formation Coach de vie &#8211; Exclusivit\u00e9"},"content":{"rendered":"<p>Vous rencontrez une ou des difficult\u00e9s dans votre vie et vous avez besoin d&rsquo;un accompagnement ?<\/p>\n<p>Cette prestation est faite pour vous.<\/p>\n<p>Une session de 2h pr\u00e9vue pour vous d\u00e9finir un plan d&rsquo;actions et vous aider \u00e0 retrouver votre FORT int\u00e9rieur.<\/p>\n<p>Ne laissez pas les mauvaises situations prendre le dessus.<\/p>\n<p>La premi\u00e8re s\u00e9ance de 30 minutes est offerte.<\/p>\n","protected":false},"excerpt":{"rendered":"<p>Vous rencontrez une ou des difficult\u00e9s dans votre vie et vous avez besoin d&rsquo;un accompagnement ? Cette prestation est faite pour vous. Une session de 2h pr\u00e9vue pour vous d\u00e9finir un plan d&rsquo;actions et vous aider \u00e0 retrouver votre FORT int\u00e9rieur. Ne laissez pas les mauvaises situations prendre le dessus. La premi\u00e8re s\u00e9ance de 30 &hellip; <\/p>\n<p class=\"link-more\"><a href=\"https:\/\/online.topconsult.fr\/index.php\/product\/coach-de-vie\/\" class=\"more-link\">Lire la suite de<span class=\"screen-reader-text\">\u00ab\u00a0Formation Coach de vie &#8211; Exclusivit\u00e9\u00a0\u00bb<\/span><\/a><\/p>\n","protected":false},"featured_media":141,"comment_status":"open","ping_status":"closed","template":"","meta":{"_joinchat":[]},"product_brand":[],"product_cat":[17],"product_tag":[25,22,23],"class_list":{"0":"post-121","1":"product","2":"type-product","3":"status-publish","4":"has-post-thumbnail","6":"product_cat-formation","7":"product_tag-controle","8":"product_tag-formation","9":"product_tag-qualiopi","11":"first","12":"instock","13":"sale","14":"virtual","15":"purchasable","16":"product-type-simple"},"featured_media_urls":{"thumbnail":["https:\/\/online.topconsult.fr\/wp-content\/uploads\/2023\/01\/cible-150x150.png",150,150,true],"medium":["https:\/\/online.topconsult.fr\/wp-content\/uploads\/2023\/01\/cible-300x224.png",300,224,true],"medium_large":["https:\/\/online.topconsult.fr\/wp-content\/uploads\/2023\/01\/cible-768x574.png",768,574,true],"large":["https:\/\/online.topconsult.fr\/wp-content\/uploads\/2023\/01\/cible-1024x766.png",950,711,true],"1536x1536":["https:\/\/online.topconsult.fr\/wp-content\/uploads\/2023\/01\/cible.png",1027,768,false],"2048x2048":["https:\/\/online.topconsult.fr\/wp-content\/uploads\/2023\/01\/cible.png",1027,768,false],"320w":["https:\/\/online.topconsult.fr\/wp-content\/uploads\/2023\/01\/cible-320x239.png",320,239,true],"480w":["https:\/\/online.topconsult.fr\/wp-content\/uploads\/2023\/01\/cible-480x359.png",480,359,true],"800w":["https:\/\/online.topconsult.fr\/wp-content\/uploads\/2023\/01\/cible-800x598.png",800,598,true],"inspiro-featured-image":["https:\/\/online.topconsult.fr\/wp-content\/uploads\/2023\/01\/cible.png",1027,768,false],"inspiro-loop":["https:\/\/online.topconsult.fr\/wp-content\/uploads\/2023\/01\/cible-950x320.png",950,320,true],"inspiro-loop@2x":["https:\/\/online.topconsult.fr\/wp-content\/uploads\/2023\/01\/cible-1027x640.png",1027,640,true],"woocommerce_thumbnail":["https:\/\/online.topconsult.fr\/wp-content\/uploads\/2023\/01\/cible-300x300.png",300,300,true],"woocommerce_single":["https:\/\/online.topconsult.fr\/wp-content\/uploads\/2023\/01\/cible-600x449.png",600,449,true],"woocommerce_gallery_thumbnail":["https:\/\/online.topconsult.fr\/wp-content\/uploads\/2023\/01\/cible-100x100.png",100,100,true],"portfolio_item-thumbnail":["https:\/\/online.topconsult.fr\/wp-content\/uploads\/2023\/01\/cible-600x400.png",600,400,true],"portfolio_item-thumbnail@2x":["https:\/\/online.topconsult.fr\/wp-content\/uploads\/2023\/01\/cible.png",1027,768,false],"portfolio_item-masonry":["https:\/\/online.topconsult.fr\/wp-content\/uploads\/2023\/01\/cible-600x449.png",600,449,true],"portfolio_item-masonry@2x":["https:\/\/online.topconsult.fr\/wp-content\/uploads\/2023\/01\/cible.png",1027,768,false],"portfolio_item-thumbnail_cinema":["https:\/\/online.topconsult.fr\/wp-content\/uploads\/2023\/01\/cible-800x335.png",800,335,true],"portfolio_item-thumbnail_portrait":["https:\/\/online.topconsult.fr\/wp-content\/uploads\/2023\/01\/cible-600x768.png",600,768,true],"portfolio_item-thumbnail_portrait@2x":["https:\/\/online.topconsult.fr\/wp-content\/uploads\/2023\/01\/cible.png",1027,768,false],"portfolio_item-thumbnail_square":["https:\/\/online.topconsult.fr\/wp-content\/uploads\/2023\/01\/cible-800x768.png",800,768,true]},"_links":{"self":[{"href":"https:\/\/online.topconsult.fr\/index.php\/wp-json\/wp\/v2\/product\/121","targetHints":{"allow":["GET"]}}],"collection":[{"href":"https:\/\/online.topconsult.fr\/index.php\/wp-json\/wp\/v2\/product"}],"about":[{"href":"https:\/\/online.topconsult.fr\/index.php\/wp-json\/wp\/v2\/types\/product"}],"replies":[{"embeddable":true,"href":"https:\/\/online.topconsult.fr\/index.php\/wp-json\/wp\/v2\/comments?post=121"}],"wp:featuredmedia":[{"embeddable":true,"href":"https:\/\/online.topconsult.fr\/index.php\/wp-json\/wp\/v2\/media\/141"}],"wp:attachment":[{"href":"https:\/\/online.topconsult.fr\/index.php\/wp-json\/wp\/v2\/media?parent=121"}],"wp:term":[{"taxonomy":"product_brand","embeddable":true,"href":"https:\/\/online.topconsult.fr\/index.php\/wp-json\/wp\/v2\/product_brand?post=121"},{"taxonomy":"product_cat","embeddable":true,"href":"https:\/\/online.topconsult.fr\/index.php\/wp-json\/wp\/v2\/product_cat?post=121"},{"taxonomy":"product_tag","embeddable":true,"href":"https:\/\/online.topconsult.fr\/index.php\/wp-json\/wp\/v2\/product_tag?post=121"}],"curies":[{"name":"wp","href":"https:\/\/api.w.org\/{rel}","templated":true}]}}