{"id":127,"date":"2023-01-30T23:59:14","date_gmt":"2023-01-30T23:59:14","guid":{"rendered":"http:\/\/online.topconsult.fr\/?post_type=product&#038;p=127"},"modified":"2023-01-31T11:38:00","modified_gmt":"2023-01-31T11:38:00","slug":"formation-recherche-emploi","status":"publish","type":"product","link":"https:\/\/online.topconsult.fr\/index.php\/product\/formation-recherche-emploi\/","title":{"rendered":"Formation Recherche emploi"},"content":{"rendered":"<p>Notre prestation va vous permettre de vous donnez les moyens de retrouver rapidement un emploi :<\/p>\n<ul>\n<li>Cr\u00e9er son CV sur Word (1H30)<\/li>\n<li>R\u00e9aliser sa lettre de motivation (1h30)<\/li>\n<li>Pr\u00e9paration \u00e0 un entretien d&#8217;embauche (45 min)<\/li>\n<li>Les postures (30 min)<\/li>\n<li>Les r\u00e9ponses aux questions (30 min)<\/li>\n<\/ul>\n","protected":false},"excerpt":{"rendered":"<p>Notre prestation va vous permettre de vous donnez les moyens de retrouver rapidement un emploi : Cr\u00e9er son CV sur Word (1H30) R\u00e9aliser sa lettre de motivation (1h30) Pr\u00e9paration \u00e0 un entretien d&#8217;embauche (45 min) Les postures (30 min) Les r\u00e9ponses aux questions (30 min)<\/p>\n","protected":false},"featured_media":138,"comment_status":"open","ping_status":"closed","template":"","meta":{"_joinchat":[]},"product_brand":[],"product_cat":[17],"product_tag":[25,22,23],"class_list":{"0":"post-127","1":"product","2":"type-product","3":"status-publish","4":"has-post-thumbnail","6":"product_cat-formation","7":"product_tag-controle","8":"product_tag-formation","9":"product_tag-qualiopi","11":"first","12":"instock","13":"sale","14":"virtual","15":"purchasable","16":"product-type-simple"},"featured_media_urls":{"thumbnail":["https:\/\/online.topconsult.fr\/wp-content\/uploads\/2023\/01\/emploi-150x150.png",150,150,true],"medium":["https:\/\/online.topconsult.fr\/wp-content\/uploads\/2023\/01\/emploi-300x280.png",300,280,true],"medium_large":["https:\/\/online.topconsult.fr\/wp-content\/uploads\/2023\/01\/emploi.png",337,315,false],"large":["https:\/\/online.topconsult.fr\/wp-content\/uploads\/2023\/01\/emploi.png",337,315,false],"1536x1536":["https:\/\/online.topconsult.fr\/wp-content\/uploads\/2023\/01\/emploi.png",337,315,false],"2048x2048":["https:\/\/online.topconsult.fr\/wp-content\/uploads\/2023\/01\/emploi.png",337,315,false],"320w":["https:\/\/online.topconsult.fr\/wp-content\/uploads\/2023\/01\/emploi-320x299.png",320,299,true],"480w":["https:\/\/online.topconsult.fr\/wp-content\/uploads\/2023\/01\/emploi.png",337,315,false],"800w":["https:\/\/online.topconsult.fr\/wp-content\/uploads\/2023\/01\/emploi.png",337,315,false],"inspiro-featured-image":["https:\/\/online.topconsult.fr\/wp-content\/uploads\/2023\/01\/emploi.png",337,315,false],"inspiro-loop":["https:\/\/online.topconsult.fr\/wp-content\/uploads\/2023\/01\/emploi.png",337,315,false],"inspiro-loop@2x":["https:\/\/online.topconsult.fr\/wp-content\/uploads\/2023\/01\/emploi.png",337,315,false],"woocommerce_thumbnail":["https:\/\/online.topconsult.fr\/wp-content\/uploads\/2023\/01\/emploi-300x300.png",300,300,true],"woocommerce_single":["https:\/\/online.topconsult.fr\/wp-content\/uploads\/2023\/01\/emploi.png",337,315,false],"woocommerce_gallery_thumbnail":["https:\/\/online.topconsult.fr\/wp-content\/uploads\/2023\/01\/emploi-100x100.png",100,100,true],"portfolio_item-thumbnail":["https:\/\/online.topconsult.fr\/wp-content\/uploads\/2023\/01\/emploi.png",337,315,false],"portfolio_item-thumbnail@2x":["https:\/\/online.topconsult.fr\/wp-content\/uploads\/2023\/01\/emploi.png",337,315,false],"portfolio_item-masonry":["https:\/\/online.topconsult.fr\/wp-content\/uploads\/2023\/01\/emploi.png",337,315,false],"portfolio_item-masonry@2x":["https:\/\/online.topconsult.fr\/wp-content\/uploads\/2023\/01\/emploi.png",337,315,false],"portfolio_item-thumbnail_cinema":["https:\/\/online.topconsult.fr\/wp-content\/uploads\/2023\/01\/emploi.png",337,315,false],"portfolio_item-thumbnail_portrait":["https:\/\/online.topconsult.fr\/wp-content\/uploads\/2023\/01\/emploi.png",337,315,false],"portfolio_item-thumbnail_portrait@2x":["https:\/\/online.topconsult.fr\/wp-content\/uploads\/2023\/01\/emploi.png",337,315,false],"portfolio_item-thumbnail_square":["https:\/\/online.topconsult.fr\/wp-content\/uploads\/2023\/01\/emploi.png",337,315,false]},"_links":{"self":[{"href":"https:\/\/online.topconsult.fr\/index.php\/wp-json\/wp\/v2\/product\/127","targetHints":{"allow":["GET"]}}],"collection":[{"href":"https:\/\/online.topconsult.fr\/index.php\/wp-json\/wp\/v2\/product"}],"about":[{"href":"https:\/\/online.topconsult.fr\/index.php\/wp-json\/wp\/v2\/types\/product"}],"replies":[{"embeddable":true,"href":"https:\/\/online.topconsult.fr\/index.php\/wp-json\/wp\/v2\/comments?post=127"}],"wp:featuredmedia":[{"embeddable":true,"href":"https:\/\/online.topconsult.fr\/index.php\/wp-json\/wp\/v2\/media\/138"}],"wp:attachment":[{"href":"https:\/\/online.topconsult.fr\/index.php\/wp-json\/wp\/v2\/media?parent=127"}],"wp:term":[{"taxonomy":"product_brand","embeddable":true,"href":"https:\/\/online.topconsult.fr\/index.php\/wp-json\/wp\/v2\/product_brand?post=127"},{"taxonomy":"product_cat","embeddable":true,"href":"https:\/\/online.topconsult.fr\/index.php\/wp-json\/wp\/v2\/product_cat?post=127"},{"taxonomy":"product_tag","embeddable":true,"href":"https:\/\/online.topconsult.fr\/index.php\/wp-json\/wp\/v2\/product_tag?post=127"}],"curies":[{"name":"wp","href":"https:\/\/api.w.org\/{rel}","templated":true}]}}