{"id":62,"date":"2023-01-28T17:16:48","date_gmt":"2023-01-28T17:16:48","guid":{"rendered":"http:\/\/online.topconsult.fr\/?post_type=product&#038;p=62"},"modified":"2025-02-17T22:47:30","modified_gmt":"2025-02-17T22:47:30","slug":"audit-de-suivi","status":"publish","type":"product","link":"https:\/\/online.topconsult.fr\/index.php\/product\/audit-de-suivi\/","title":{"rendered":"Audit de suivi"},"content":{"rendered":"<p data-start=\"78\" data-end=\"484\">L\u2019<strong data-start=\"80\" data-end=\"98\">audit de suivi<\/strong> est une \u00e9tape essentielle pour les organismes de formation souhaitant <strong data-start=\"169\" data-end=\"271\">maintenir leur conformit\u00e9, am\u00e9liorer leur organisation et garantir une qualit\u00e9 de service optimale<\/strong>. Que ce soit pour un <strong data-start=\"293\" data-end=\"383\">suivi interne, un renouvellement Qualiopi, ou une \u00e9valuation demand\u00e9e par un financeur<\/strong>, cet audit permet d\u2019identifier <strong data-start=\"415\" data-end=\"462\">les points forts et les axes d\u2019am\u00e9lioration<\/strong> de votre structure.<\/p>\n<p data-start=\"486\" data-end=\"671\">Chez <strong data-start=\"491\" data-end=\"505\">Topconsult<\/strong>, nous r\u00e9alisons un audit d\u00e9taill\u00e9 de votre organisme pour vous aider \u00e0 <strong data-start=\"577\" data-end=\"668\">p\u00e9renniser vos certifications et optimiser vos processus administratifs et p\u00e9dagogiques<\/strong>.<\/p>\n<hr data-start=\"673\" data-end=\"676\" \/>\n<h3 data-start=\"678\" data-end=\"714\"><strong data-start=\"682\" data-end=\"712\">Notre prestation en d\u00e9tail<\/strong><\/h3>\n<p data-start=\"716\" data-end=\"766\">\ud83d\udd0e <strong data-start=\"719\" data-end=\"764\">Analyse approfondie de votre organisation<\/strong><\/p>\n<ul data-start=\"767\" data-end=\"1189\">\n<li data-start=\"767\" data-end=\"920\">\u00c9valuation de votre conformit\u00e9 avec les exigences r\u00e9glementaires et les r\u00e9f\u00e9rentiels en vigueur (<strong data-start=\"866\" data-end=\"917\">Qualiopi, obligations des financeurs, CPF, etc.<\/strong>)<\/li>\n<li data-start=\"921\" data-end=\"1075\">Audit des documents administratifs et p\u00e9dagogiques (<strong data-start=\"975\" data-end=\"1072\">conventions, contrats, bilans, fiches de suivi des apprenants, enqu\u00eates de satisfaction, etc.<\/strong>)<\/li>\n<li data-start=\"1076\" data-end=\"1189\">V\u00e9rification des processus internes : gestion des inscriptions, suivi des formations, tra\u00e7abilit\u00e9 des actions<\/li>\n<\/ul>\n<p data-start=\"1191\" data-end=\"1238\">\ud83d\udcd1 <strong data-start=\"1194\" data-end=\"1236\">Identification des axes d\u2019am\u00e9lioration<\/strong><\/p>\n<ul data-start=\"1239\" data-end=\"1450\">\n<li data-start=\"1239\" data-end=\"1293\">Relev\u00e9 des <strong data-start=\"1252\" data-end=\"1281\">\u00e9carts et non-conformit\u00e9s<\/strong> \u00e9ventuels<\/li>\n<li data-start=\"1294\" data-end=\"1358\">Analyse des <strong data-start=\"1308\" data-end=\"1356\">pratiques p\u00e9dagogiques et organisationnelles<\/strong><\/li>\n<li data-start=\"1359\" data-end=\"1450\">Proposition de <strong data-start=\"1376\" data-end=\"1416\">solutions correctives et pr\u00e9ventives<\/strong> pour s\u00e9curiser votre conformit\u00e9<\/li>\n<\/ul>\n<p data-start=\"1452\" data-end=\"1502\">\ud83d\udee0 <strong data-start=\"1455\" data-end=\"1500\">Accompagnement dans la mise en conformit\u00e9<\/strong><\/p>\n<ul data-start=\"1503\" data-end=\"1717\">\n<li data-start=\"1503\" data-end=\"1559\">Ajustement et mise \u00e0 jour des documents et processus<\/li>\n<li data-start=\"1560\" data-end=\"1641\">Conseils pour optimiser votre gestion et faciliter vos prochaines \u00e9valuations<\/li>\n<li data-start=\"1642\" data-end=\"1717\">Pr\u00e9paration aux audits de certification ou aux contr\u00f4les des financeurs<\/li>\n<\/ul>\n<p data-start=\"1719\" data-end=\"1758\">\ud83d\udd04 <strong data-start=\"1722\" data-end=\"1756\">Suivi et am\u00e9lioration continue<\/strong><\/p>\n<ul data-start=\"1759\" data-end=\"1975\">\n<li data-start=\"1759\" data-end=\"1834\">Plan d\u2019action pour <strong data-start=\"1780\" data-end=\"1832\">anticiper les futures obligations r\u00e9glementaires<\/strong><\/li>\n<li data-start=\"1835\" data-end=\"1910\">Accompagnement dans la digitalisation et l\u2019automatisation des processus<\/li>\n<li data-start=\"1911\" data-end=\"1975\">Formation des \u00e9quipes pour assurer une <strong data-start=\"1952\" data-end=\"1973\">autonomie durable<\/strong><\/li>\n<\/ul>\n<hr data-start=\"1977\" data-end=\"1980\" \/>\n<h3 data-start=\"1982\" data-end=\"2021\"><strong data-start=\"1986\" data-end=\"2019\">Pourquoi choisir Topconsult ?<\/strong><\/h3>\n<p data-start=\"2022\" data-end=\"2323\">\u2705 <strong data-start=\"2024\" data-end=\"2102\">Une expertise compl\u00e8te des exigences r\u00e9glementaires et des audits Qualiopi<\/strong><br data-start=\"2102\" data-end=\"2105\" \/>\u2705 <strong data-start=\"2107\" data-end=\"2137\">Une approche personnalis\u00e9e<\/strong> adapt\u00e9e aux sp\u00e9cificit\u00e9s de votre organisme<br data-start=\"2181\" data-end=\"2184\" \/>\u2705 <strong data-start=\"2186\" data-end=\"2246\">Des recommandations claires et applicables imm\u00e9diatement<\/strong><br data-start=\"2246\" data-end=\"2249\" \/>\u2705 <strong data-start=\"2251\" data-end=\"2321\">Un accompagnement sur le long terme pour garantir votre conformit\u00e9<\/strong><\/p>\n<p data-start=\"2325\" data-end=\"2469\">Avec <strong data-start=\"2330\" data-end=\"2344\">Topconsult<\/strong>, assurez-vous que votre organisme est <strong data-start=\"2383\" data-end=\"2465\">toujours en conformit\u00e9, performant et pr\u00eat pour tout contr\u00f4le ou certification<\/strong> !<\/p>\n","protected":false},"excerpt":{"rendered":"<p>L\u2019audit de suivi est une \u00e9tape essentielle pour les organismes de formation souhaitant maintenir leur conformit\u00e9, am\u00e9liorer leur organisation et garantir une qualit\u00e9 de service optimale. Que ce soit pour un suivi interne, un renouvellement Qualiopi, ou une \u00e9valuation demand\u00e9e par un financeur, cet audit permet d\u2019identifier les points forts et les axes d\u2019am\u00e9lioration de &hellip; <\/p>\n<p class=\"link-more\"><a href=\"https:\/\/online.topconsult.fr\/index.php\/product\/audit-de-suivi\/\" class=\"more-link\">Lire la suite de<span class=\"screen-reader-text\">\u00ab\u00a0Audit de suivi\u00a0\u00bb<\/span><\/a><\/p>\n","protected":false},"featured_media":345,"comment_status":"open","ping_status":"closed","template":"","meta":{"_joinchat":[]},"product_brand":[],"product_cat":[28],"product_tag":[21,22,23],"class_list":{"0":"post-62","1":"product","2":"type-product","3":"status-publish","4":"has-post-thumbnail","6":"product_cat-organisme","7":"product_tag-audit","8":"product_tag-formation","9":"product_tag-qualiopi","11":"first","12":"instock","13":"sale","14":"virtual","15":"purchasable","16":"product-type-simple"},"featured_media_urls":{"thumbnail":["https:\/\/online.topconsult.fr\/wp-content\/uploads\/2023\/01\/Audit-150x150.png",150,150,true],"medium":["https:\/\/online.topconsult.fr\/wp-content\/uploads\/2023\/01\/Audit-300x300.png",300,300,true],"medium_large":["https:\/\/online.topconsult.fr\/wp-content\/uploads\/2023\/01\/Audit.png",699,700,false],"large":["https:\/\/online.topconsult.fr\/wp-content\/uploads\/2023\/01\/Audit.png",699,700,false],"1536x1536":["https:\/\/online.topconsult.fr\/wp-content\/uploads\/2023\/01\/Audit.png",699,700,false],"2048x2048":["https:\/\/online.topconsult.fr\/wp-content\/uploads\/2023\/01\/Audit.png",699,700,false],"320w":["https:\/\/online.topconsult.fr\/wp-content\/uploads\/2023\/01\/Audit-320x320.png",320,320,true],"480w":["https:\/\/online.topconsult.fr\/wp-content\/uploads\/2023\/01\/Audit-480x481.png",480,481,true],"800w":["https:\/\/online.topconsult.fr\/wp-content\/uploads\/2023\/01\/Audit.png",699,700,false],"inspiro-featured-image":["https:\/\/online.topconsult.fr\/wp-content\/uploads\/2023\/01\/Audit.png",699,700,false],"inspiro-loop":["https:\/\/online.topconsult.fr\/wp-content\/uploads\/2023\/01\/Audit-699x320.png",699,320,true],"inspiro-loop@2x":["https:\/\/online.topconsult.fr\/wp-content\/uploads\/2023\/01\/Audit-699x640.png",699,640,true],"woocommerce_thumbnail":["https:\/\/online.topconsult.fr\/wp-content\/uploads\/2023\/01\/Audit-300x300.png",300,300,true],"woocommerce_single":["https:\/\/online.topconsult.fr\/wp-content\/uploads\/2023\/01\/Audit-600x601.png",600,601,true],"woocommerce_gallery_thumbnail":["https:\/\/online.topconsult.fr\/wp-content\/uploads\/2023\/01\/Audit-100x100.png",100,100,true],"portfolio_item-thumbnail":["https:\/\/online.topconsult.fr\/wp-content\/uploads\/2023\/01\/Audit-600x400.png",600,400,true],"portfolio_item-thumbnail@2x":["https:\/\/online.topconsult.fr\/wp-content\/uploads\/2023\/01\/Audit.png",699,700,false],"portfolio_item-masonry":["https:\/\/online.topconsult.fr\/wp-content\/uploads\/2023\/01\/Audit-600x601.png",600,601,true],"portfolio_item-masonry@2x":["https:\/\/online.topconsult.fr\/wp-content\/uploads\/2023\/01\/Audit.png",699,700,false],"portfolio_item-thumbnail_cinema":["https:\/\/online.topconsult.fr\/wp-content\/uploads\/2023\/01\/Audit-699x335.png",699,335,true],"portfolio_item-thumbnail_portrait":["https:\/\/online.topconsult.fr\/wp-content\/uploads\/2023\/01\/Audit-600x700.png",600,700,true],"portfolio_item-thumbnail_portrait@2x":["https:\/\/online.topconsult.fr\/wp-content\/uploads\/2023\/01\/Audit.png",699,700,false],"portfolio_item-thumbnail_square":["https:\/\/online.topconsult.fr\/wp-content\/uploads\/2023\/01\/Audit.png",699,700,false]},"_links":{"self":[{"href":"https:\/\/online.topconsult.fr\/index.php\/wp-json\/wp\/v2\/product\/62","targetHints":{"allow":["GET"]}}],"collection":[{"href":"https:\/\/online.topconsult.fr\/index.php\/wp-json\/wp\/v2\/product"}],"about":[{"href":"https:\/\/online.topconsult.fr\/index.php\/wp-json\/wp\/v2\/types\/product"}],"replies":[{"embeddable":true,"href":"https:\/\/online.topconsult.fr\/index.php\/wp-json\/wp\/v2\/comments?post=62"}],"wp:featuredmedia":[{"embeddable":true,"href":"https:\/\/online.topconsult.fr\/index.php\/wp-json\/wp\/v2\/media\/345"}],"wp:attachment":[{"href":"https:\/\/online.topconsult.fr\/index.php\/wp-json\/wp\/v2\/media?parent=62"}],"wp:term":[{"taxonomy":"product_brand","embeddable":true,"href":"https:\/\/online.topconsult.fr\/index.php\/wp-json\/wp\/v2\/product_brand?post=62"},{"taxonomy":"product_cat","embeddable":true,"href":"https:\/\/online.topconsult.fr\/index.php\/wp-json\/wp\/v2\/product_cat?post=62"},{"taxonomy":"product_tag","embeddable":true,"href":"https:\/\/online.topconsult.fr\/index.php\/wp-json\/wp\/v2\/product_tag?post=62"}],"curies":[{"name":"wp","href":"https:\/\/api.w.org\/{rel}","templated":true}]}}