{"id":64,"date":"2023-01-28T17:17:12","date_gmt":"2023-01-28T17:17:12","guid":{"rendered":"http:\/\/online.topconsult.fr\/?post_type=product&#038;p=64"},"modified":"2025-02-17T22:37:10","modified_gmt":"2025-02-17T22:37:10","slug":"catalogue-formation","status":"publish","type":"product","link":"https:\/\/online.topconsult.fr\/index.php\/product\/catalogue-formation\/","title":{"rendered":"Catalogue formation"},"content":{"rendered":"<p data-start=\"93\" data-end=\"502\">Un <strong data-start=\"96\" data-end=\"122\">catalogue de formation<\/strong> est bien plus qu\u2019une simple liste de formations : c\u2019est un outil essentiel pour structurer votre offre, valoriser votre expertise et faciliter la compr\u00e9hension de vos prestations par les apprenants et les financeurs. Il doit \u00eatre <strong data-start=\"353\" data-end=\"414\">clair, attractif et conforme aux exigences r\u00e9glementaires<\/strong> pour r\u00e9pondre aux besoins des entreprises et des individus en recherche de formation.<\/p>\n<p data-start=\"504\" data-end=\"679\">Chez <strong data-start=\"509\" data-end=\"523\">Topconsult<\/strong>, nous vous accompagnons dans la cr\u00e9ation ou l\u2019optimisation de votre catalogue, en veillant \u00e0 ce qu\u2019il soit <strong data-start=\"631\" data-end=\"676\">structur\u00e9, fluide et adapt\u00e9 \u00e0 votre cible<\/strong>.<\/p>\n<hr data-start=\"681\" data-end=\"684\" \/>\n<h3 data-start=\"686\" data-end=\"722\"><strong data-start=\"690\" data-end=\"720\">Notre prestation en d\u00e9tail<\/strong><\/h3>\n<p data-start=\"724\" data-end=\"781\">\ud83d\udcd1 <strong data-start=\"727\" data-end=\"779\">Analyse et structuration de l\u2019offre de formation<\/strong><\/p>\n<ul data-start=\"782\" data-end=\"1003\">\n<li data-start=\"782\" data-end=\"840\">Recueil des informations sur vos formations existantes<\/li>\n<li data-start=\"841\" data-end=\"933\">Organisation logique des programmes en fonction des th\u00e9matiques et niveaux de comp\u00e9tence<\/li>\n<li data-start=\"934\" data-end=\"1003\">Hi\u00e9rarchisation des contenus pour une lecture claire et intuitive<\/li>\n<\/ul>\n<p data-start=\"1005\" data-end=\"1054\">\ud83d\udd8a <strong data-start=\"1008\" data-end=\"1052\">R\u00e9daction et mise en valeur des contenus<\/strong><\/p>\n<ul data-start=\"1055\" data-end=\"1386\">\n<li data-start=\"1055\" data-end=\"1146\">R\u00e9daction des fiches formation en fonction des exigences p\u00e9dagogiques et r\u00e9glementaires<\/li>\n<li data-start=\"1147\" data-end=\"1214\">D\u00e9finition des objectifs p\u00e9dagogiques et des comp\u00e9tences vis\u00e9es<\/li>\n<li data-start=\"1215\" data-end=\"1305\">Description d\u00e9taill\u00e9e des modalit\u00e9s (pr\u00e9sentiel, distanciel, hybride) et des pr\u00e9requis<\/li>\n<li data-start=\"1306\" data-end=\"1386\">Valorisation des atouts de votre organisme pour se d\u00e9marquer des concurrents<\/li>\n<\/ul>\n<p data-start=\"1388\" data-end=\"1439\">\ud83c\udfa8 <strong data-start=\"1391\" data-end=\"1437\">Mise en page et personnalisation graphique<\/strong><\/p>\n<ul data-start=\"1440\" data-end=\"1696\">\n<li data-start=\"1440\" data-end=\"1517\">Cr\u00e9ation d\u2019une charte graphique en coh\u00e9rence avec votre identit\u00e9 visuelle<\/li>\n<li data-start=\"1518\" data-end=\"1595\">Mise en page professionnelle et attrayante pour un rendu clair et lisible<\/li>\n<li data-start=\"1596\" data-end=\"1696\">Int\u00e9gration d\u2019\u00e9l\u00e9ments visuels (ic\u00f4nes, sch\u00e9mas, photos) pour rendre le catalogue plus engageant<\/li>\n<\/ul>\n<p data-start=\"1698\" data-end=\"1737\">\ud83d\udce4 <strong data-start=\"1701\" data-end=\"1735\">Format num\u00e9rique et impression<\/strong><\/p>\n<ul data-start=\"1738\" data-end=\"1994\">\n<li data-start=\"1738\" data-end=\"1818\">Livraison du catalogue en version digitale (PDF interactif, site web d\u00e9di\u00e9\u2026)<\/li>\n<li data-start=\"1819\" data-end=\"1905\">Conseil sur les options d\u2019impression pour un rendu professionnel en version papier<\/li>\n<li data-start=\"1906\" data-end=\"1994\">Optimisation pour une int\u00e9gration sur votre site internet ou plateforme de formation<\/li>\n<\/ul>\n<p data-start=\"1996\" data-end=\"2042\">\ud83d\udd04 <strong data-start=\"1999\" data-end=\"2040\">Mise \u00e0 jour et \u00e9volution du catalogue<\/strong><\/p>\n<ul data-start=\"2043\" data-end=\"2284\">\n<li data-start=\"2043\" data-end=\"2130\">Accompagnement pour l\u2019ajout de nouvelles formations et l\u2019actualisation des contenus<\/li>\n<li data-start=\"2131\" data-end=\"2206\">Adaptation aux \u00e9volutions r\u00e9glementaires et aux attentes des financeurs<\/li>\n<li data-start=\"2207\" data-end=\"2284\">Optimisation du r\u00e9f\u00e9rencement si le catalogue est int\u00e9gr\u00e9 sur un site web<\/li>\n<\/ul>\n<hr data-start=\"2286\" data-end=\"2289\" \/>\n<h3 data-start=\"2291\" data-end=\"2330\"><strong data-start=\"2295\" data-end=\"2328\">Pourquoi choisir Topconsult ?<\/strong><\/h3>\n<p data-start=\"2331\" data-end=\"2631\">\u2705 <strong data-start=\"2333\" data-end=\"2409\">Une expertise en structuration et digitalisation des offres de formation<\/strong><br data-start=\"2409\" data-end=\"2412\" \/>\u2705 <strong data-start=\"2414\" data-end=\"2486\">Une approche sur-mesure pour r\u00e9pondre aux besoins de votre organisme<\/strong><br data-start=\"2486\" data-end=\"2489\" \/>\u2705 <strong data-start=\"2491\" data-end=\"2560\">Un rendu professionnel et attractif pour valoriser vos formations<\/strong><br data-start=\"2560\" data-end=\"2563\" \/>\u2705 <strong data-start=\"2565\" data-end=\"2629\">Une optimisation continue pour rester conforme et performant<\/strong><\/p>\n<p data-start=\"2633\" data-end=\"2783\">Avec <strong data-start=\"2638\" data-end=\"2652\">Topconsult<\/strong>, transformez votre <strong data-start=\"2672\" data-end=\"2698\">catalogue de formation<\/strong> en un <strong data-start=\"2705\" data-end=\"2760\">v\u00e9ritable outil de communication et de valorisation<\/strong> de votre organisme !<\/p>\n<p>&nbsp;<\/p>\n","protected":false},"excerpt":{"rendered":"<p>Un catalogue de formation est bien plus qu\u2019une simple liste de formations : c\u2019est un outil essentiel pour structurer votre offre, valoriser votre expertise et faciliter la compr\u00e9hension de vos prestations par les apprenants et les financeurs. Il doit \u00eatre clair, attractif et conforme aux exigences r\u00e9glementaires pour r\u00e9pondre aux besoins des entreprises et des &hellip; <\/p>\n<p class=\"link-more\"><a href=\"https:\/\/online.topconsult.fr\/index.php\/product\/catalogue-formation\/\" class=\"more-link\">Lire la suite de<span class=\"screen-reader-text\">\u00ab\u00a0Catalogue formation\u00a0\u00bb<\/span><\/a><\/p>\n","protected":false},"featured_media":343,"comment_status":"open","ping_status":"closed","template":"","meta":{"_joinchat":[]},"product_brand":[],"product_cat":[28],"product_tag":[24,22,23],"class_list":{"0":"post-64","1":"product","2":"type-product","3":"status-publish","4":"has-post-thumbnail","6":"product_cat-organisme","7":"product_tag-catalogue","8":"product_tag-formation","9":"product_tag-qualiopi","11":"first","12":"instock","13":"sale","14":"virtual","15":"purchasable","16":"product-type-simple"},"featured_media_urls":{"thumbnail":["https:\/\/online.topconsult.fr\/wp-content\/uploads\/2023\/01\/catalogue-150x150.png",150,150,true],"medium":["https:\/\/online.topconsult.fr\/wp-content\/uploads\/2023\/01\/catalogue-300x300.png",300,300,true],"medium_large":["https:\/\/online.topconsult.fr\/wp-content\/uploads\/2023\/01\/catalogue.png",709,708,false],"large":["https:\/\/online.topconsult.fr\/wp-content\/uploads\/2023\/01\/catalogue.png",709,708,false],"1536x1536":["https:\/\/online.topconsult.fr\/wp-content\/uploads\/2023\/01\/catalogue.png",709,708,false],"2048x2048":["https:\/\/online.topconsult.fr\/wp-content\/uploads\/2023\/01\/catalogue.png",709,708,false],"320w":["https:\/\/online.topconsult.fr\/wp-content\/uploads\/2023\/01\/catalogue-320x320.png",320,320,true],"480w":["https:\/\/online.topconsult.fr\/wp-content\/uploads\/2023\/01\/catalogue-480x479.png",480,479,true],"800w":["https:\/\/online.topconsult.fr\/wp-content\/uploads\/2023\/01\/catalogue.png",709,708,false],"inspiro-featured-image":["https:\/\/online.topconsult.fr\/wp-content\/uploads\/2023\/01\/catalogue.png",709,708,false],"inspiro-loop":["https:\/\/online.topconsult.fr\/wp-content\/uploads\/2023\/01\/catalogue-709x320.png",709,320,true],"inspiro-loop@2x":["https:\/\/online.topconsult.fr\/wp-content\/uploads\/2023\/01\/catalogue-709x640.png",709,640,true],"woocommerce_thumbnail":["https:\/\/online.topconsult.fr\/wp-content\/uploads\/2023\/01\/catalogue-300x300.png",300,300,true],"woocommerce_single":["https:\/\/online.topconsult.fr\/wp-content\/uploads\/2023\/01\/catalogue-600x599.png",600,599,true],"woocommerce_gallery_thumbnail":["https:\/\/online.topconsult.fr\/wp-content\/uploads\/2023\/01\/catalogue-100x100.png",100,100,true],"portfolio_item-thumbnail":["https:\/\/online.topconsult.fr\/wp-content\/uploads\/2023\/01\/catalogue-600x400.png",600,400,true],"portfolio_item-thumbnail@2x":["https:\/\/online.topconsult.fr\/wp-content\/uploads\/2023\/01\/catalogue.png",709,708,false],"portfolio_item-masonry":["https:\/\/online.topconsult.fr\/wp-content\/uploads\/2023\/01\/catalogue-600x599.png",600,599,true],"portfolio_item-masonry@2x":["https:\/\/online.topconsult.fr\/wp-content\/uploads\/2023\/01\/catalogue.png",709,708,false],"portfolio_item-thumbnail_cinema":["https:\/\/online.topconsult.fr\/wp-content\/uploads\/2023\/01\/catalogue-709x335.png",709,335,true],"portfolio_item-thumbnail_portrait":["https:\/\/online.topconsult.fr\/wp-content\/uploads\/2023\/01\/catalogue-600x708.png",600,708,true],"portfolio_item-thumbnail_portrait@2x":["https:\/\/online.topconsult.fr\/wp-content\/uploads\/2023\/01\/catalogue.png",709,708,false],"portfolio_item-thumbnail_square":["https:\/\/online.topconsult.fr\/wp-content\/uploads\/2023\/01\/catalogue.png",709,708,false]},"_links":{"self":[{"href":"https:\/\/online.topconsult.fr\/index.php\/wp-json\/wp\/v2\/product\/64","targetHints":{"allow":["GET"]}}],"collection":[{"href":"https:\/\/online.topconsult.fr\/index.php\/wp-json\/wp\/v2\/product"}],"about":[{"href":"https:\/\/online.topconsult.fr\/index.php\/wp-json\/wp\/v2\/types\/product"}],"replies":[{"embeddable":true,"href":"https:\/\/online.topconsult.fr\/index.php\/wp-json\/wp\/v2\/comments?post=64"}],"wp:featuredmedia":[{"embeddable":true,"href":"https:\/\/online.topconsult.fr\/index.php\/wp-json\/wp\/v2\/media\/343"}],"wp:attachment":[{"href":"https:\/\/online.topconsult.fr\/index.php\/wp-json\/wp\/v2\/media?parent=64"}],"wp:term":[{"taxonomy":"product_brand","embeddable":true,"href":"https:\/\/online.topconsult.fr\/index.php\/wp-json\/wp\/v2\/product_brand?post=64"},{"taxonomy":"product_cat","embeddable":true,"href":"https:\/\/online.topconsult.fr\/index.php\/wp-json\/wp\/v2\/product_cat?post=64"},{"taxonomy":"product_tag","embeddable":true,"href":"https:\/\/online.topconsult.fr\/index.php\/wp-json\/wp\/v2\/product_tag?post=64"}],"curies":[{"name":"wp","href":"https:\/\/api.w.org\/{rel}","templated":true}]}}