{"id":66,"date":"2023-01-28T17:23:02","date_gmt":"2023-01-28T17:23:02","guid":{"rendered":"http:\/\/online.topconsult.fr\/?post_type=product&#038;p=66"},"modified":"2025-02-17T22:31:51","modified_gmt":"2025-02-17T22:31:51","slug":"analyse-des-supports","status":"publish","type":"product","link":"https:\/\/online.topconsult.fr\/index.php\/product\/analyse-des-supports\/","title":{"rendered":"Analyse des supports"},"content":{"rendered":"<p data-start=\"82\" data-end=\"415\">Les supports utilis\u00e9s par un organisme de formation sont essentiels pour garantir <strong data-start=\"164\" data-end=\"268\">une organisation fluide, une conformit\u00e9 r\u00e9glementaire et une exp\u00e9rience optimale pour les apprenants<\/strong>. Ils permettent de structurer <strong data-start=\"299\" data-end=\"412\">les parcours de formation, d\u2019assurer la transparence des r\u00e8gles et d\u2019\u00e9valuer la satisfaction des participants<\/strong>.<\/p>\n<p data-start=\"417\" data-end=\"615\">Chez <strong data-start=\"422\" data-end=\"436\">Topconsult<\/strong>, nous analysons en profondeur vos documents afin de <strong data-start=\"489\" data-end=\"566\">les am\u00e9liorer, les structurer et les adapter aux exigences r\u00e9glementaires<\/strong> comme Qualiopi et les attentes des financeurs.<\/p>\n<hr data-start=\"617\" data-end=\"620\" \/>\n<h3 data-start=\"622\" data-end=\"658\"><strong data-start=\"626\" data-end=\"656\">Notre prestation en d\u00e9tail<\/strong><\/h3>\n<p data-start=\"660\" data-end=\"701\">\ud83d\udd0e <strong data-start=\"663\" data-end=\"699\">Audit et analyse de vos supports<\/strong><\/p>\n<ul data-start=\"702\" data-end=\"973\">\n<li data-start=\"702\" data-end=\"771\">\u00c9tude approfondie de vos documents administratifs et p\u00e9dagogiques<\/li>\n<li data-start=\"772\" data-end=\"869\">V\u00e9rification de la coh\u00e9rence et de la conformit\u00e9 avec les exigences l\u00e9gales et r\u00e9glementaires<\/li>\n<li data-start=\"870\" data-end=\"973\">Identification des points d\u2019am\u00e9lioration pour optimiser la clart\u00e9 et l\u2019efficacit\u00e9 de chaque support<\/li>\n<\/ul>\n<p data-start=\"975\" data-end=\"1027\">\ud83d\udcd1 <strong data-start=\"978\" data-end=\"1025\">Optimisation et structuration des documents<\/strong><\/p>\n<ul data-start=\"1028\" data-end=\"1420\">\n<li data-start=\"1028\" data-end=\"1122\"><strong data-start=\"1030\" data-end=\"1051\">Plan de formation<\/strong> : R\u00e9organisation des contenus pour un parcours structur\u00e9 et efficace<\/li>\n<li data-start=\"1123\" data-end=\"1209\"><strong data-start=\"1125\" data-end=\"1148\">R\u00e8glement int\u00e9rieur<\/strong> : Mise \u00e0 jour des obligations et des droits des apprenants<\/li>\n<li data-start=\"1210\" data-end=\"1308\"><strong data-start=\"1212\" data-end=\"1233\">Guide d\u2019animation<\/strong> : Structuration des m\u00e9thodes p\u00e9dagogiques pour faciliter l\u2019apprentissage<\/li>\n<li data-start=\"1309\" data-end=\"1420\"><strong data-start=\"1311\" data-end=\"1339\">Enqu\u00eates de satisfaction<\/strong> : Am\u00e9lioration des questionnaires pour une collecte de donn\u00e9es plus pertinente<\/li>\n<\/ul>\n<p data-start=\"1422\" data-end=\"1469\">\ud83d\udee0 <strong data-start=\"1425\" data-end=\"1467\">Accompagnement \u00e0 la mise en conformit\u00e9<\/strong><\/p>\n<ul data-start=\"1470\" data-end=\"1786\">\n<li data-start=\"1470\" data-end=\"1575\">Int\u00e9gration des \u00e9l\u00e9ments indispensables pour r\u00e9pondre aux audits Qualiopi ou aux contr\u00f4les financeurs<\/li>\n<li data-start=\"1576\" data-end=\"1687\">Harmonisation de la charte graphique et des formats pour une meilleure lisibilit\u00e9 et coh\u00e9rence documentaire<\/li>\n<li data-start=\"1688\" data-end=\"1786\">Digitalisation des supports pour une meilleure accessibilit\u00e9 et un gain de temps administratif<\/li>\n<\/ul>\n<p data-start=\"1788\" data-end=\"1817\">\ud83d\udd04 <strong data-start=\"1791\" data-end=\"1815\">Suivi et ajustements<\/strong><\/p>\n<ul data-start=\"1818\" data-end=\"2110\">\n<li data-start=\"1818\" data-end=\"1921\">Mise en place d\u2019un <strong data-start=\"1839\" data-end=\"1876\">processus d\u2019am\u00e9lioration continue<\/strong> pour garantir des supports toujours \u00e0 jour<\/li>\n<li data-start=\"1922\" data-end=\"2013\">Conseils personnalis\u00e9s pour adapter vos documents \u00e0 votre organisation et \u00e0 vos publics<\/li>\n<li data-start=\"2014\" data-end=\"2110\">Assistance dans la mise en \u0153uvre des supports optimis\u00e9s aupr\u00e8s des \u00e9quipes et des apprenants<\/li>\n<\/ul>\n<hr data-start=\"2112\" data-end=\"2115\" \/>\n<h3 data-start=\"2117\" data-end=\"2156\"><strong data-start=\"2121\" data-end=\"2154\">Pourquoi choisir Topconsult ?<\/strong><\/h3>\n<p data-start=\"2157\" data-end=\"2485\">\u2705 <strong data-start=\"2159\" data-end=\"2230\">Une expertise en gestion et structuration des supports de formation<\/strong><br data-start=\"2230\" data-end=\"2233\" \/>\u2705 <strong data-start=\"2235\" data-end=\"2262\">Une approche sur-mesure<\/strong> adapt\u00e9e \u00e0 vos besoins et vos obligations r\u00e9glementaires<br data-start=\"2318\" data-end=\"2321\" \/>\u2705 <strong data-start=\"2323\" data-end=\"2367\">Des solutions innovantes et digitalis\u00e9es<\/strong> pour moderniser vos supports<br data-start=\"2396\" data-end=\"2399\" \/>\u2705 <strong data-start=\"2401\" data-end=\"2434\">Un gain de temps consid\u00e9rable<\/strong> pour vos \u00e9quipes p\u00e9dagogiques et administratives<\/p>\n<p data-start=\"2487\" data-end=\"2604\">Avec <strong data-start=\"2492\" data-end=\"2506\">Topconsult<\/strong>, transformez vos documents en <strong data-start=\"2537\" data-end=\"2600\">v\u00e9ritables outils de gestion et d\u2019apprentissage performants<\/strong> !<\/p>\n<p>&nbsp;<\/p>\n","protected":false},"excerpt":{"rendered":"<p>Les supports utilis\u00e9s par un organisme de formation sont essentiels pour garantir une organisation fluide, une conformit\u00e9 r\u00e9glementaire et une exp\u00e9rience optimale pour les apprenants. Ils permettent de structurer les parcours de formation, d\u2019assurer la transparence des r\u00e8gles et d\u2019\u00e9valuer la satisfaction des participants. Chez Topconsult, nous analysons en profondeur vos documents afin de les &hellip; <\/p>\n<p class=\"link-more\"><a href=\"https:\/\/online.topconsult.fr\/index.php\/product\/analyse-des-supports\/\" class=\"more-link\">Lire la suite de<span class=\"screen-reader-text\">\u00ab\u00a0Analyse des supports\u00a0\u00bb<\/span><\/a><\/p>\n","protected":false},"featured_media":341,"comment_status":"open","ping_status":"closed","template":"","meta":{"_joinchat":[]},"product_brand":[],"product_cat":[28],"product_tag":[24,25,22,23],"class_list":{"0":"post-66","1":"product","2":"type-product","3":"status-publish","4":"has-post-thumbnail","6":"product_cat-organisme","7":"product_tag-catalogue","8":"product_tag-controle","9":"product_tag-formation","10":"product_tag-qualiopi","12":"first","13":"instock","14":"sale","15":"virtual","16":"purchasable","17":"product-type-simple"},"featured_media_urls":{"thumbnail":["https:\/\/online.topconsult.fr\/wp-content\/uploads\/2023\/01\/analyse-150x150.png",150,150,true],"medium":["https:\/\/online.topconsult.fr\/wp-content\/uploads\/2023\/01\/analyse-300x297.png",300,297,true],"medium_large":["https:\/\/online.topconsult.fr\/wp-content\/uploads\/2023\/01\/analyse.png",703,696,false],"large":["https:\/\/online.topconsult.fr\/wp-content\/uploads\/2023\/01\/analyse.png",703,696,false],"1536x1536":["https:\/\/online.topconsult.fr\/wp-content\/uploads\/2023\/01\/analyse.png",703,696,false],"2048x2048":["https:\/\/online.topconsult.fr\/wp-content\/uploads\/2023\/01\/analyse.png",703,696,false],"320w":["https:\/\/online.topconsult.fr\/wp-content\/uploads\/2023\/01\/analyse-320x317.png",320,317,true],"480w":["https:\/\/online.topconsult.fr\/wp-content\/uploads\/2023\/01\/analyse-480x475.png",480,475,true],"800w":["https:\/\/online.topconsult.fr\/wp-content\/uploads\/2023\/01\/analyse.png",703,696,false],"inspiro-featured-image":["https:\/\/online.topconsult.fr\/wp-content\/uploads\/2023\/01\/analyse.png",703,696,false],"inspiro-loop":["https:\/\/online.topconsult.fr\/wp-content\/uploads\/2023\/01\/analyse-703x320.png",703,320,true],"inspiro-loop@2x":["https:\/\/online.topconsult.fr\/wp-content\/uploads\/2023\/01\/analyse-703x640.png",703,640,true],"woocommerce_thumbnail":["https:\/\/online.topconsult.fr\/wp-content\/uploads\/2023\/01\/analyse-300x300.png",300,300,true],"woocommerce_single":["https:\/\/online.topconsult.fr\/wp-content\/uploads\/2023\/01\/analyse-600x594.png",600,594,true],"woocommerce_gallery_thumbnail":["https:\/\/online.topconsult.fr\/wp-content\/uploads\/2023\/01\/analyse-100x100.png",100,100,true],"portfolio_item-thumbnail":["https:\/\/online.topconsult.fr\/wp-content\/uploads\/2023\/01\/analyse-600x400.png",600,400,true],"portfolio_item-thumbnail@2x":["https:\/\/online.topconsult.fr\/wp-content\/uploads\/2023\/01\/analyse.png",703,696,false],"portfolio_item-masonry":["https:\/\/online.topconsult.fr\/wp-content\/uploads\/2023\/01\/analyse-600x594.png",600,594,true],"portfolio_item-masonry@2x":["https:\/\/online.topconsult.fr\/wp-content\/uploads\/2023\/01\/analyse.png",703,696,false],"portfolio_item-thumbnail_cinema":["https:\/\/online.topconsult.fr\/wp-content\/uploads\/2023\/01\/analyse-703x335.png",703,335,true],"portfolio_item-thumbnail_portrait":["https:\/\/online.topconsult.fr\/wp-content\/uploads\/2023\/01\/analyse-600x696.png",600,696,true],"portfolio_item-thumbnail_portrait@2x":["https:\/\/online.topconsult.fr\/wp-content\/uploads\/2023\/01\/analyse.png",703,696,false],"portfolio_item-thumbnail_square":["https:\/\/online.topconsult.fr\/wp-content\/uploads\/2023\/01\/analyse.png",703,696,false]},"_links":{"self":[{"href":"https:\/\/online.topconsult.fr\/index.php\/wp-json\/wp\/v2\/product\/66","targetHints":{"allow":["GET"]}}],"collection":[{"href":"https:\/\/online.topconsult.fr\/index.php\/wp-json\/wp\/v2\/product"}],"about":[{"href":"https:\/\/online.topconsult.fr\/index.php\/wp-json\/wp\/v2\/types\/product"}],"replies":[{"embeddable":true,"href":"https:\/\/online.topconsult.fr\/index.php\/wp-json\/wp\/v2\/comments?post=66"}],"wp:featuredmedia":[{"embeddable":true,"href":"https:\/\/online.topconsult.fr\/index.php\/wp-json\/wp\/v2\/media\/341"}],"wp:attachment":[{"href":"https:\/\/online.topconsult.fr\/index.php\/wp-json\/wp\/v2\/media?parent=66"}],"wp:term":[{"taxonomy":"product_brand","embeddable":true,"href":"https:\/\/online.topconsult.fr\/index.php\/wp-json\/wp\/v2\/product_brand?post=66"},{"taxonomy":"product_cat","embeddable":true,"href":"https:\/\/online.topconsult.fr\/index.php\/wp-json\/wp\/v2\/product_cat?post=66"},{"taxonomy":"product_tag","embeddable":true,"href":"https:\/\/online.topconsult.fr\/index.php\/wp-json\/wp\/v2\/product_tag?post=66"}],"curies":[{"name":"wp","href":"https:\/\/api.w.org\/{rel}","templated":true}]}}