{"id":78,"date":"2023-01-28T17:35:24","date_gmt":"2023-01-28T17:35:24","guid":{"rendered":"http:\/\/online.topconsult.fr\/?post_type=product&#038;p=78"},"modified":"2025-02-17T22:26:33","modified_gmt":"2025-02-17T22:26:33","slug":"bilan-pedagogique-et-financier","status":"publish","type":"product","link":"https:\/\/online.topconsult.fr\/index.php\/product\/bilan-pedagogique-et-financier\/","title":{"rendered":"BPF"},"content":{"rendered":"<p data-start=\"89\" data-end=\"433\">Le <strong data-start=\"92\" data-end=\"132\">Bilan P\u00e9dagogique et Financier (BPF)<\/strong> est une obligation l\u00e9gale pour tous les organismes de formation en France. Ce document, \u00e0 transmettre chaque ann\u00e9e \u00e0 la <strong data-start=\"253\" data-end=\"263\">DREETS<\/strong>, permet de justifier votre activit\u00e9 de formation, le nombre d\u2019apprenants form\u00e9s, le volume d\u2019heures dispens\u00e9es ainsi que votre chiffre d\u2019affaires issu de la formation.<\/p>\n<p data-start=\"435\" data-end=\"611\">Sa bonne r\u00e9alisation est essentielle pour maintenir <strong data-start=\"487\" data-end=\"545\">votre enregistrement en tant qu\u2019organisme de formation<\/strong> et garantir votre conformit\u00e9 avec les exigences r\u00e9glementaires.<\/p>\n<p data-start=\"613\" data-end=\"778\">Chez <strong data-start=\"618\" data-end=\"632\">Topconsult<\/strong>, nous vous accompagnons dans <strong data-start=\"662\" data-end=\"710\">l\u2019\u00e9laboration et la d\u00e9claration de votre BPF<\/strong>, en vous assurant une gestion <strong data-start=\"741\" data-end=\"775\">pr\u00e9cise, conforme et s\u00e9curis\u00e9e<\/strong>.<\/p>\n<hr data-start=\"780\" data-end=\"783\" \/>\n<h3 data-start=\"785\" data-end=\"821\"><strong data-start=\"789\" data-end=\"819\">Notre prestation en d\u00e9tail<\/strong><\/h3>\n<p data-start=\"823\" data-end=\"870\">\ud83d\udd0e <strong data-start=\"826\" data-end=\"868\">Analyse et v\u00e9rification de vos donn\u00e9es<\/strong><\/p>\n<ul data-start=\"871\" data-end=\"1127\">\n<li data-start=\"871\" data-end=\"938\">Collecte et structuration des informations requises pour le BPF<\/li>\n<li data-start=\"939\" data-end=\"1034\">V\u00e9rification des formations dispens\u00e9es, du nombre d\u2019apprenants et du volume horaire r\u00e9alis\u00e9<\/li>\n<li data-start=\"1035\" data-end=\"1127\">Contr\u00f4le des donn\u00e9es financi\u00e8res pour assurer leur conformit\u00e9 aux exigences de la DREETS<\/li>\n<\/ul>\n<p data-start=\"1129\" data-end=\"1187\">\ud83d\udcd1 <strong data-start=\"1132\" data-end=\"1185\">R\u00e9alisation du BPF et assistance \u00e0 la d\u00e9claration<\/strong><\/p>\n<ul data-start=\"1188\" data-end=\"1451\">\n<li data-start=\"1188\" data-end=\"1267\">Pr\u00e9paration et saisie des \u00e9l\u00e9ments obligatoires dans le formulaire officiel<\/li>\n<li data-start=\"1268\" data-end=\"1359\">V\u00e9rification des calculs et des correspondances entre les diff\u00e9rentes donn\u00e9es d\u00e9clar\u00e9es<\/li>\n<li data-start=\"1360\" data-end=\"1451\">Conseils pour optimiser votre BPF et anticiper les \u00e9ventuelles demandes compl\u00e9mentaires<\/li>\n<\/ul>\n<p data-start=\"1453\" data-end=\"1499\">\ud83d\udee0 <strong data-start=\"1456\" data-end=\"1497\">S\u00e9curisation et conformit\u00e9 du dossier<\/strong><\/p>\n<ul data-start=\"1500\" data-end=\"1737\">\n<li data-start=\"1500\" data-end=\"1587\">Mise en place de proc\u00e9dures pour garantir <strong data-start=\"1544\" data-end=\"1585\">une meilleure tra\u00e7abilit\u00e9 des donn\u00e9es<\/strong><\/li>\n<li data-start=\"1588\" data-end=\"1668\">Int\u00e9gration des bonnes pratiques pour <strong data-start=\"1628\" data-end=\"1666\">faciliter vos futures d\u00e9clarations<\/strong><\/li>\n<li data-start=\"1669\" data-end=\"1737\">Archivage s\u00e9curis\u00e9 et centralisation des documents justificatifs<\/li>\n<\/ul>\n<p data-start=\"1739\" data-end=\"1786\">\ud83d\udd04 <strong data-start=\"1742\" data-end=\"1784\">Suivi post d\u00e9claration et optimisation<\/strong><\/p>\n<ul data-start=\"1787\" data-end=\"2044\">\n<li data-start=\"1787\" data-end=\"1866\">Assistance en cas de <strong data-start=\"1810\" data-end=\"1839\">demande de r\u00e9gularisation<\/strong> de la part des autorit\u00e9s<\/li>\n<li data-start=\"1867\" data-end=\"1963\">Conseils pour optimiser votre gestion et am\u00e9liorer le suivi administratif de votre organisme<\/li>\n<li data-start=\"1964\" data-end=\"2044\">Formation de vos \u00e9quipes \u00e0 la pr\u00e9paration des donn\u00e9es pour les prochains BPF<\/li>\n<\/ul>\n<hr data-start=\"2046\" data-end=\"2049\" \/>\n<h3 data-start=\"2051\" data-end=\"2090\"><strong data-start=\"2055\" data-end=\"2088\">Pourquoi choisir Topconsult ?<\/strong><\/h3>\n<p data-start=\"2091\" data-end=\"2386\">\u2705 <strong data-start=\"2093\" data-end=\"2148\">Expertise en gestion des obligations r\u00e9glementaires<\/strong><br data-start=\"2148\" data-end=\"2151\" \/>\u2705 <strong data-start=\"2153\" data-end=\"2233\">M\u00e9thodologie \u00e9prouv\u00e9e pour \u00e9viter les erreurs et s\u00e9curiser votre d\u00e9claration<\/strong><br data-start=\"2233\" data-end=\"2236\" \/>\u2705 <strong data-start=\"2238\" data-end=\"2312\">Optimisation de votre organisation administrative pour un suivi fluide<\/strong><br data-start=\"2312\" data-end=\"2315\" \/>\u2705 <strong data-start=\"2317\" data-end=\"2384\">Accompagnement personnalis\u00e9 selon votre activit\u00e9 et vos besoins<\/strong><\/p>\n<p data-start=\"2388\" data-end=\"2518\">Avec <strong data-start=\"2393\" data-end=\"2407\">Topconsult<\/strong>, simplifiez la gestion de votre <strong data-start=\"2440\" data-end=\"2474\">Bilan P\u00e9dagogique et Financier<\/strong> et assurez votre conformit\u00e9 sans stress !<\/p>\n<p>&nbsp;<\/p>\n","protected":false},"excerpt":{"rendered":"<p>Le Bilan P\u00e9dagogique et Financier (BPF) est une obligation l\u00e9gale pour tous les organismes de formation en France. Ce document, \u00e0 transmettre chaque ann\u00e9e \u00e0 la DREETS, permet de justifier votre activit\u00e9 de formation, le nombre d\u2019apprenants form\u00e9s, le volume d\u2019heures dispens\u00e9es ainsi que votre chiffre d\u2019affaires issu de la formation. Sa bonne r\u00e9alisation est &hellip; <\/p>\n<p class=\"link-more\"><a href=\"https:\/\/online.topconsult.fr\/index.php\/product\/bilan-pedagogique-et-financier\/\" class=\"more-link\">Lire la suite de<span class=\"screen-reader-text\">\u00ab\u00a0BPF\u00a0\u00bb<\/span><\/a><\/p>\n","protected":false},"featured_media":339,"comment_status":"open","ping_status":"closed","template":"","meta":{"_joinchat":[]},"product_brand":[],"product_cat":[28],"product_tag":[26,24,25,22,23],"class_list":{"0":"post-78","1":"product","2":"type-product","3":"status-publish","4":"has-post-thumbnail","6":"product_cat-organisme","7":"product_tag-bpf","8":"product_tag-catalogue","9":"product_tag-controle","10":"product_tag-formation","11":"product_tag-qualiopi","13":"first","14":"instock","15":"sale","16":"virtual","17":"purchasable","18":"product-type-simple"},"featured_media_urls":{"thumbnail":["https:\/\/online.topconsult.fr\/wp-content\/uploads\/2023\/01\/bpf-150x150.png",150,150,true],"medium":["https:\/\/online.topconsult.fr\/wp-content\/uploads\/2023\/01\/bpf-300x298.png",300,298,true],"medium_large":["https:\/\/online.topconsult.fr\/wp-content\/uploads\/2023\/01\/bpf.png",703,699,false],"large":["https:\/\/online.topconsult.fr\/wp-content\/uploads\/2023\/01\/bpf.png",703,699,false],"1536x1536":["https:\/\/online.topconsult.fr\/wp-content\/uploads\/2023\/01\/bpf.png",703,699,false],"2048x2048":["https:\/\/online.topconsult.fr\/wp-content\/uploads\/2023\/01\/bpf.png",703,699,false],"320w":["https:\/\/online.topconsult.fr\/wp-content\/uploads\/2023\/01\/bpf-320x318.png",320,318,true],"480w":["https:\/\/online.topconsult.fr\/wp-content\/uploads\/2023\/01\/bpf-480x477.png",480,477,true],"800w":["https:\/\/online.topconsult.fr\/wp-content\/uploads\/2023\/01\/bpf.png",703,699,false],"inspiro-featured-image":["https:\/\/online.topconsult.fr\/wp-content\/uploads\/2023\/01\/bpf.png",703,699,false],"inspiro-loop":["https:\/\/online.topconsult.fr\/wp-content\/uploads\/2023\/01\/bpf-703x320.png",703,320,true],"inspiro-loop@2x":["https:\/\/online.topconsult.fr\/wp-content\/uploads\/2023\/01\/bpf-703x640.png",703,640,true],"woocommerce_thumbnail":["https:\/\/online.topconsult.fr\/wp-content\/uploads\/2023\/01\/bpf-300x300.png",300,300,true],"woocommerce_single":["https:\/\/online.topconsult.fr\/wp-content\/uploads\/2023\/01\/bpf-600x597.png",600,597,true],"woocommerce_gallery_thumbnail":["https:\/\/online.topconsult.fr\/wp-content\/uploads\/2023\/01\/bpf-100x100.png",100,100,true],"portfolio_item-thumbnail":["https:\/\/online.topconsult.fr\/wp-content\/uploads\/2023\/01\/bpf-600x400.png",600,400,true],"portfolio_item-thumbnail@2x":["https:\/\/online.topconsult.fr\/wp-content\/uploads\/2023\/01\/bpf.png",703,699,false],"portfolio_item-masonry":["https:\/\/online.topconsult.fr\/wp-content\/uploads\/2023\/01\/bpf-600x597.png",600,597,true],"portfolio_item-masonry@2x":["https:\/\/online.topconsult.fr\/wp-content\/uploads\/2023\/01\/bpf.png",703,699,false],"portfolio_item-thumbnail_cinema":["https:\/\/online.topconsult.fr\/wp-content\/uploads\/2023\/01\/bpf-703x335.png",703,335,true],"portfolio_item-thumbnail_portrait":["https:\/\/online.topconsult.fr\/wp-content\/uploads\/2023\/01\/bpf-600x699.png",600,699,true],"portfolio_item-thumbnail_portrait@2x":["https:\/\/online.topconsult.fr\/wp-content\/uploads\/2023\/01\/bpf.png",703,699,false],"portfolio_item-thumbnail_square":["https:\/\/online.topconsult.fr\/wp-content\/uploads\/2023\/01\/bpf.png",703,699,false]},"_links":{"self":[{"href":"https:\/\/online.topconsult.fr\/index.php\/wp-json\/wp\/v2\/product\/78","targetHints":{"allow":["GET"]}}],"collection":[{"href":"https:\/\/online.topconsult.fr\/index.php\/wp-json\/wp\/v2\/product"}],"about":[{"href":"https:\/\/online.topconsult.fr\/index.php\/wp-json\/wp\/v2\/types\/product"}],"replies":[{"embeddable":true,"href":"https:\/\/online.topconsult.fr\/index.php\/wp-json\/wp\/v2\/comments?post=78"}],"wp:featuredmedia":[{"embeddable":true,"href":"https:\/\/online.topconsult.fr\/index.php\/wp-json\/wp\/v2\/media\/339"}],"wp:attachment":[{"href":"https:\/\/online.topconsult.fr\/index.php\/wp-json\/wp\/v2\/media?parent=78"}],"wp:term":[{"taxonomy":"product_brand","embeddable":true,"href":"https:\/\/online.topconsult.fr\/index.php\/wp-json\/wp\/v2\/product_brand?post=78"},{"taxonomy":"product_cat","embeddable":true,"href":"https:\/\/online.topconsult.fr\/index.php\/wp-json\/wp\/v2\/product_cat?post=78"},{"taxonomy":"product_tag","embeddable":true,"href":"https:\/\/online.topconsult.fr\/index.php\/wp-json\/wp\/v2\/product_tag?post=78"}],"curies":[{"name":"wp","href":"https:\/\/api.w.org\/{rel}","templated":true}]}}